{"id":268,"date":"2022-08-18T07:45:52","date_gmt":"2022-08-18T07:45:52","guid":{"rendered":"http:\/\/www.cejj-justice.tn\/?post_type=product&#038;p=268"},"modified":"2023-06-01T14:41:20","modified_gmt":"2023-06-01T14:41:20","slug":"amenagement-des-espaces-urbanisme-et-occupation-du-sol-en-droit-tunisien","status":"publish","type":"product","link":"https:\/\/www.cejj-justice.tn\/fr\/produit\/amenagement-des-espaces-urbanisme-et-occupation-du-sol-en-droit-tunisien\/","title":{"rendered":"Am\u00e9nagement des espaces, urbanisme et occupation du sol en droit tunisien"},"content":{"rendered":"","protected":false},"excerpt":{"rendered":"<p>Cet ouvrage est le fruit d\u2019un enseignement de droit de l\u2019urbanisme qui a commenc\u00e9 en 1998 \u00e0 la facult\u00e9 de droit de Sfax et qui continue aujourd\u2019hui \u00e0 la facult\u00e9 des sciences juridiques, politiques et sociales de Tunis.<br \/>\nCette p\u00e9riode, assez longue, m\u2019a permis d\u2019int\u00e9grer au fil des ann\u00e9es des \u00e9l\u00e9ments, voire des parties enti\u00e8res au cours d\u2019origine.<br \/>\nL\u2019accumulation de ces enseignements ainsi que les travaux de recherche qui ont \u00e9t\u00e9 \u00e9labor\u00e9s sous ma direction, m\u2019ont pouss\u00e9 \u00e0 publier ce travail et \u00e0 g\u00e9n\u00e9raliser son contenu.<\/p>\n","protected":false},"author":1,"featured_media":54,"comment_status":"open","ping_status":"closed","template":"","meta":{"_bbp_topic_count":0,"_bbp_reply_count":0,"_bbp_total_topic_count":0,"_bbp_total_reply_count":0,"_bbp_voice_count":0,"_bbp_anonymous_reply_count":0,"_bbp_topic_count_hidden":0,"_bbp_reply_count_hidden":0,"_bbp_forum_subforum_count":0},"product_cat":[27],"product_tag":[],"acf":[],"yoast_head":"<!-- This site is optimized with the Yoast SEO plugin v19.3-RC14 - https:\/\/yoast.com\/wordpress\/plugins\/seo\/ -->\n<title>Am\u00e9nagement des espaces, urbanisme et occupation du sol en droit tunisien - CENTRE D&#039;ETUDES JURIDIQUES ET JUDICIAIRES<\/title>\n<meta name=\"robots\" content=\"index, follow, max-snippet:-1, max-image-preview:large, max-video-preview:-1\" \/>\n<link rel=\"canonical\" href=\"https:\/\/www.cejj-justice.tn\/fr\/produit\/amenagement-des-espaces-urbanisme-et-occupation-du-sol-en-droit-tunisien\/\" \/>\n<meta property=\"og:locale\" content=\"fr_FR\" \/>\n<meta property=\"og:type\" content=\"article\" \/>\n<meta property=\"og:title\" content=\"Am\u00e9nagement des espaces, urbanisme et occupation du sol en droit tunisien - CENTRE D&#039;ETUDES JURIDIQUES ET JUDICIAIRES\" \/>\n<meta property=\"og:description\" content=\"Cet ouvrage est le fruit d\u2019un enseignement de droit de l\u2019urbanisme qui a commenc\u00e9 en 1998 \u00e0 la facult\u00e9 de droit de Sfax et qui continue aujourd\u2019hui \u00e0 la facult\u00e9 des sciences juridiques, politiques et sociales de Tunis. Cette p\u00e9riode, assez longue, m\u2019a permis d\u2019int\u00e9grer au fil des ann\u00e9es des \u00e9l\u00e9ments, voire des parties enti\u00e8res au cours d\u2019origine. L\u2019accumulation de ces enseignements ainsi que les travaux de recherche qui ont \u00e9t\u00e9 \u00e9labor\u00e9s sous ma direction, m\u2019ont pouss\u00e9 \u00e0 publier ce travail et \u00e0 g\u00e9n\u00e9raliser son contenu.\" \/>\n<meta property=\"og:url\" content=\"https:\/\/www.cejj-justice.tn\/fr\/produit\/amenagement-des-espaces-urbanisme-et-occupation-du-sol-en-droit-tunisien\/\" \/>\n<meta property=\"og:site_name\" content=\"CENTRE D&#039;ETUDES JURIDIQUES ET JUDICIAIRES\" \/>\n<meta property=\"article:modified_time\" content=\"2023-06-01T14:41:20+00:00\" \/>\n<meta property=\"og:image\" content=\"https:\/\/www.cejj-justice.tn\/wp-content\/uploads\/2022\/08\/couverture-ferchichi_Page_1-1.jpg\" \/>\n\t<meta property=\"og:image:width\" content=\"1241\" \/>\n\t<meta property=\"og:image:height\" content=\"1755\" \/>\n\t<meta property=\"og:image:type\" content=\"image\/jpeg\" \/>\n<meta name=\"twitter:card\" content=\"summary_large_image\" \/>\n<script type=\"application\/ld+json\" class=\"yoast-schema-graph\">{\"@context\":\"https:\/\/schema.org\",\"@graph\":[{\"@type\":\"WebSite\",\"@id\":\"https:\/\/www.cejj-justice.tn\/#website\",\"url\":\"https:\/\/www.cejj-justice.tn\/\",\"name\":\"CENTRE D&#039;ETUDES JURIDIQUES ET JUDICIAIRES\",\"description\":\"\",\"potentialAction\":[{\"@type\":\"SearchAction\",\"target\":{\"@type\":\"EntryPoint\",\"urlTemplate\":\"https:\/\/www.cejj-justice.tn\/?s={search_term_string}\"},\"query-input\":\"required name=search_term_string\"}],\"inLanguage\":\"fr-FR\"},{\"@type\":\"ImageObject\",\"inLanguage\":\"fr-FR\",\"@id\":\"https:\/\/www.cejj-justice.tn\/fr\/produit\/amenagement-des-espaces-urbanisme-et-occupation-du-sol-en-droit-tunisien\/#primaryimage\",\"url\":\"https:\/\/www.cejj-justice.tn\/wp-content\/uploads\/2022\/08\/couverture-ferchichi_Page_1-1.jpg\",\"contentUrl\":\"https:\/\/www.cejj-justice.tn\/wp-content\/uploads\/2022\/08\/couverture-ferchichi_Page_1-1.jpg\",\"width\":1241,\"height\":1755},{\"@type\":\"WebPage\",\"@id\":\"https:\/\/www.cejj-justice.tn\/fr\/produit\/amenagement-des-espaces-urbanisme-et-occupation-du-sol-en-droit-tunisien\/\",\"url\":\"https:\/\/www.cejj-justice.tn\/fr\/produit\/amenagement-des-espaces-urbanisme-et-occupation-du-sol-en-droit-tunisien\/\",\"name\":\"Am\u00e9nagement des espaces, urbanisme et occupation du sol en droit tunisien - CENTRE D&#039;ETUDES JURIDIQUES ET JUDICIAIRES\",\"isPartOf\":{\"@id\":\"https:\/\/www.cejj-justice.tn\/#website\"},\"primaryImageOfPage\":{\"@id\":\"https:\/\/www.cejj-justice.tn\/fr\/produit\/amenagement-des-espaces-urbanisme-et-occupation-du-sol-en-droit-tunisien\/#primaryimage\"},\"datePublished\":\"2022-08-18T07:45:52+00:00\",\"dateModified\":\"2023-06-01T14:41:20+00:00\",\"breadcrumb\":{\"@id\":\"https:\/\/www.cejj-justice.tn\/fr\/produit\/amenagement-des-espaces-urbanisme-et-occupation-du-sol-en-droit-tunisien\/#breadcrumb\"},\"inLanguage\":\"fr-FR\",\"potentialAction\":[{\"@type\":\"ReadAction\",\"target\":[\"https:\/\/www.cejj-justice.tn\/fr\/produit\/amenagement-des-espaces-urbanisme-et-occupation-du-sol-en-droit-tunisien\/\"]}]},{\"@type\":\"BreadcrumbList\",\"@id\":\"https:\/\/www.cejj-justice.tn\/fr\/produit\/amenagement-des-espaces-urbanisme-et-occupation-du-sol-en-droit-tunisien\/#breadcrumb\",\"itemListElement\":[{\"@type\":\"ListItem\",\"position\":1,\"name\":\"Accueil\",\"item\":\"https:\/\/www.cejj-justice.tn\/fr\/\"},{\"@type\":\"ListItem\",\"position\":2,\"name\":\"Am\u00e9nagement des espaces, urbanisme et occupation du sol en droit tunisien\"}]}]}<\/script>\n<!-- \/ Yoast SEO plugin. -->","yoast_head_json":{"title":"Am\u00e9nagement des espaces, urbanisme et occupation du sol en droit tunisien - CENTRE D&#039;ETUDES JURIDIQUES ET JUDICIAIRES","robots":{"index":"index","follow":"follow","max-snippet":"max-snippet:-1","max-image-preview":"max-image-preview:large","max-video-preview":"max-video-preview:-1"},"canonical":"https:\/\/www.cejj-justice.tn\/fr\/produit\/amenagement-des-espaces-urbanisme-et-occupation-du-sol-en-droit-tunisien\/","og_locale":"fr_FR","og_type":"article","og_title":"Am\u00e9nagement des espaces, urbanisme et occupation du sol en droit tunisien - CENTRE D&#039;ETUDES JURIDIQUES ET JUDICIAIRES","og_description":"Cet ouvrage est le fruit d\u2019un enseignement de droit de l\u2019urbanisme qui a commenc\u00e9 en 1998 \u00e0 la facult\u00e9 de droit de Sfax et qui continue aujourd\u2019hui \u00e0 la facult\u00e9 des sciences juridiques, politiques et sociales de Tunis. Cette p\u00e9riode, assez longue, m\u2019a permis d\u2019int\u00e9grer au fil des ann\u00e9es des \u00e9l\u00e9ments, voire des parties enti\u00e8res au cours d\u2019origine. L\u2019accumulation de ces enseignements ainsi que les travaux de recherche qui ont \u00e9t\u00e9 \u00e9labor\u00e9s sous ma direction, m\u2019ont pouss\u00e9 \u00e0 publier ce travail et \u00e0 g\u00e9n\u00e9raliser son contenu.","og_url":"https:\/\/www.cejj-justice.tn\/fr\/produit\/amenagement-des-espaces-urbanisme-et-occupation-du-sol-en-droit-tunisien\/","og_site_name":"CENTRE D&#039;ETUDES JURIDIQUES ET JUDICIAIRES","article_modified_time":"2023-06-01T14:41:20+00:00","og_image":[{"width":1241,"height":1755,"url":"https:\/\/www.cejj-justice.tn\/wp-content\/uploads\/2022\/08\/couverture-ferchichi_Page_1-1.jpg","type":"image\/jpeg"}],"twitter_card":"summary_large_image","schema":{"@context":"https:\/\/schema.org","@graph":[{"@type":"WebSite","@id":"https:\/\/www.cejj-justice.tn\/#website","url":"https:\/\/www.cejj-justice.tn\/","name":"CENTRE D&#039;ETUDES JURIDIQUES ET JUDICIAIRES","description":"","potentialAction":[{"@type":"SearchAction","target":{"@type":"EntryPoint","urlTemplate":"https:\/\/www.cejj-justice.tn\/?s={search_term_string}"},"query-input":"required name=search_term_string"}],"inLanguage":"fr-FR"},{"@type":"ImageObject","inLanguage":"fr-FR","@id":"https:\/\/www.cejj-justice.tn\/fr\/produit\/amenagement-des-espaces-urbanisme-et-occupation-du-sol-en-droit-tunisien\/#primaryimage","url":"https:\/\/www.cejj-justice.tn\/wp-content\/uploads\/2022\/08\/couverture-ferchichi_Page_1-1.jpg","contentUrl":"https:\/\/www.cejj-justice.tn\/wp-content\/uploads\/2022\/08\/couverture-ferchichi_Page_1-1.jpg","width":1241,"height":1755},{"@type":"WebPage","@id":"https:\/\/www.cejj-justice.tn\/fr\/produit\/amenagement-des-espaces-urbanisme-et-occupation-du-sol-en-droit-tunisien\/","url":"https:\/\/www.cejj-justice.tn\/fr\/produit\/amenagement-des-espaces-urbanisme-et-occupation-du-sol-en-droit-tunisien\/","name":"Am\u00e9nagement des espaces, urbanisme et occupation du sol en droit tunisien - CENTRE D&#039;ETUDES JURIDIQUES ET JUDICIAIRES","isPartOf":{"@id":"https:\/\/www.cejj-justice.tn\/#website"},"primaryImageOfPage":{"@id":"https:\/\/www.cejj-justice.tn\/fr\/produit\/amenagement-des-espaces-urbanisme-et-occupation-du-sol-en-droit-tunisien\/#primaryimage"},"datePublished":"2022-08-18T07:45:52+00:00","dateModified":"2023-06-01T14:41:20+00:00","breadcrumb":{"@id":"https:\/\/www.cejj-justice.tn\/fr\/produit\/amenagement-des-espaces-urbanisme-et-occupation-du-sol-en-droit-tunisien\/#breadcrumb"},"inLanguage":"fr-FR","potentialAction":[{"@type":"ReadAction","target":["https:\/\/www.cejj-justice.tn\/fr\/produit\/amenagement-des-espaces-urbanisme-et-occupation-du-sol-en-droit-tunisien\/"]}]},{"@type":"BreadcrumbList","@id":"https:\/\/www.cejj-justice.tn\/fr\/produit\/amenagement-des-espaces-urbanisme-et-occupation-du-sol-en-droit-tunisien\/#breadcrumb","itemListElement":[{"@type":"ListItem","position":1,"name":"Accueil","item":"https:\/\/www.cejj-justice.tn\/fr\/"},{"@type":"ListItem","position":2,"name":"Am\u00e9nagement des espaces, urbanisme et occupation du sol en droit tunisien"}]}]}},"_links":{"self":[{"href":"https:\/\/www.cejj-justice.tn\/fr\/wp-json\/wp\/v2\/product\/268"}],"collection":[{"href":"https:\/\/www.cejj-justice.tn\/fr\/wp-json\/wp\/v2\/product"}],"about":[{"href":"https:\/\/www.cejj-justice.tn\/fr\/wp-json\/wp\/v2\/types\/product"}],"author":[{"embeddable":true,"href":"https:\/\/www.cejj-justice.tn\/fr\/wp-json\/wp\/v2\/users\/1"}],"replies":[{"embeddable":true,"href":"https:\/\/www.cejj-justice.tn\/fr\/wp-json\/wp\/v2\/comments?post=268"}],"wp:featuredmedia":[{"embeddable":true,"href":"https:\/\/www.cejj-justice.tn\/fr\/wp-json\/wp\/v2\/media\/54"}],"wp:attachment":[{"href":"https:\/\/www.cejj-justice.tn\/fr\/wp-json\/wp\/v2\/media?parent=268"}],"wp:term":[{"taxonomy":"product_cat","embeddable":true,"href":"https:\/\/www.cejj-justice.tn\/fr\/wp-json\/wp\/v2\/product_cat?post=268"},{"taxonomy":"product_tag","embeddable":true,"href":"https:\/\/www.cejj-justice.tn\/fr\/wp-json\/wp\/v2\/product_tag?post=268"}],"curies":[{"name":"wp","href":"https:\/\/api.w.org\/{rel}","templated":true}]}}